{"id":7302,"date":"2022-10-29T19:54:27","date_gmt":"2022-10-29T19:54:27","guid":{"rendered":"https:\/\/dulcementedetallesdulces.cl\/tienda\/?post_type=product&#038;p=7302"},"modified":"2025-06-04T19:10:51","modified_gmt":"2025-06-04T19:10:51","slug":"souvenir","status":"publish","type":"product","link":"https:\/\/dulcementedetallesdulces.cl\/tienda\/product\/souvenir\/","title":{"rendered":"Popcakes souvenir"},"content":{"rendered":"","protected":false},"excerpt":{"rendered":"<p>Bolita de bizcocho y manjar, ba\u00f1ada en chocolate blanco de colores. Dise\u00f1amos tu popcake para bautizo, matrimonio, baby shower o cualquiera sea la ocasi\u00f3n \u2013 12 unidades<\/p>\n<p>*Incluye tarjetita personalizada<\/p>\n<p>*Disponible 3 d\u00edas posterior a la compra<\/p>\n<p>&nbsp;<\/p>\n","protected":false},"featured_media":7301,"template":"","meta":[],"product_cat":[72],"product_tag":[],"class_list":{"0":"post-7302","1":"product","2":"type-product","3":"status-publish","4":"has-post-thumbnail","6":"product_cat-popcakes","8":"first","9":"outofstock","10":"shipping-taxable","11":"purchasable","12":"product-type-simple"},"_links":{"self":[{"href":"https:\/\/dulcementedetallesdulces.cl\/tienda\/wp-json\/wp\/v2\/product\/7302","targetHints":{"allow":["GET"]}}],"collection":[{"href":"https:\/\/dulcementedetallesdulces.cl\/tienda\/wp-json\/wp\/v2\/product"}],"about":[{"href":"https:\/\/dulcementedetallesdulces.cl\/tienda\/wp-json\/wp\/v2\/types\/product"}],"wp:featuredmedia":[{"embeddable":true,"href":"https:\/\/dulcementedetallesdulces.cl\/tienda\/wp-json\/wp\/v2\/media\/7301"}],"wp:attachment":[{"href":"https:\/\/dulcementedetallesdulces.cl\/tienda\/wp-json\/wp\/v2\/media?parent=7302"}],"wp:term":[{"taxonomy":"product_cat","embeddable":true,"href":"https:\/\/dulcementedetallesdulces.cl\/tienda\/wp-json\/wp\/v2\/product_cat?post=7302"},{"taxonomy":"product_tag","embeddable":true,"href":"https:\/\/dulcementedetallesdulces.cl\/tienda\/wp-json\/wp\/v2\/product_tag?post=7302"}],"curies":[{"name":"wp","href":"https:\/\/api.w.org\/{rel}","templated":true}]}}