{"id":5212,"date":"2021-08-25T07:26:28","date_gmt":"2021-08-25T07:26:28","guid":{"rendered":"http:\/\/dummy.xtemos.com\/woodmart2\/?page_id=5212"},"modified":"2022-10-29T19:59:50","modified_gmt":"2022-10-29T19:59:50","slug":"condiciones","status":"publish","type":"page","link":"https:\/\/dulcementedetallesdulces.cl\/tienda\/condiciones\/","title":{"rendered":"T\u00e9rminos y Condiciones"},"content":{"rendered":"<p>[vc_row mobile_bg_img_hidden=\u00bbno\u00bb tablet_bg_img_hidden=\u00bbno\u00bb woodmart_parallax=\u00bb0&#8243; woodmart_gradient_switch=\u00bbno\u00bb row_reverse_mobile=\u00bb1&#8243; row_reverse_tablet=\u00bb1&#8243; woodmart_disable_overflow=\u00bb0&#8243; wd_z_index=\u00bbno\u00bb woodmart_css_id=\u00bb62e43c0d126c1&#8243; responsive_spacing=\u00bbeyJwYXJhbV90eXBlIjoid29vZG1hcnRfcmVzcG9uc2l2ZV9zcGFjaW5nIiwic2VsZWN0b3JfaWQiOiI2MmU0M2MwZDEyNmMxIiwic2hvcnRjb2RlIjoidmNfcm93IiwiZGF0YSI6eyJ0YWJsZXQiOnt9LCJtb2JpbGUiOnsibWFyZ2luLWJvdHRvbSI6IjIwcHgifX19&#8243; woodmart_box_shadow=\u00bbno\u00bb css=\u00bb.vc_custom_1659124780718{margin-bottom: 40px !important;}\u00bb][vc_column width=\u00bb1\/2&#8243; css=\u00bb.vc_custom_1629877010833{margin-bottom: 40px !important;padding-top: 0px !important;}\u00bb mobile_bg_img_hidden=\u00bbno\u00bb tablet_bg_img_hidden=\u00bbno\u00bb woodmart_parallax=\u00bb0&#8243; woodmart_sticky_column=\u00bbfalse\u00bb parallax_scroll=\u00bbno\u00bb mobile_reset_margin=\u00bbno\u00bb tablet_reset_margin=\u00bbno\u00bb offset=\u00bbvc_col-lg-6 vc_col-md-6&#8243; wd_z_index=\u00bbno\u00bb woodmart_css_id=\u00bb6125f30edad72&#8243; responsive_spacing=\u00bbeyJwYXJhbV90eXBlIjoid29vZG1hcnRfcmVzcG9uc2l2ZV9zcGFjaW5nIiwic2VsZWN0b3JfaWQiOiI2MTI1ZjMwZWRhZDcyIiwic2hvcnRjb2RlIjoidmNfY29sdW1uIiwiZGF0YSI6eyJ0YWJsZXQiOnt9LCJtb2JpbGUiOnt9fX0=\u00bb]\t\t\n\t\t<div id=\"wd-62f642add7e83\" class=\"title-wrapper wd-wpb set-mb-s reset-last-child  wd-rs-62f642add7e83 wd-title-color-primary wd-underline-colored wd-title-style-default wd-width-100 text-left vc_custom_1660306095615 wd-title-empty\">\n\t\t\t\t\t\t\t<div class=\"title-subtitle  subtitle-color-primary font-default subtitle-style-default wd-font-weight-600 wd-fontsize-xs\">ENTREGAS Y DESPACHO<\/div>\n\t\t\t\n\t\t\t<div class=\"liner-continer\">\n\t\t\t\t<h4 class=\"woodmart-title-container title  wd-font-weight- wd-fontsize-xxl\" ><\/h4>\n\t\t\t\t\t\t\t<\/div>\n\t\t\t\n\t\t\t\n\t\t\t\n\t\t<\/div>\n\t\t\n\t\t\t\t<div id=\"wd-635d85ba17119\" class=\"wd-text-block wd-wpb reset-last-child wd-rs-635d85ba17119 wd-width-100 text-left wd-fontsize-m vc_custom_1667073533465\">\n\t\t\t<p><strong>Nuestros productos se elaboran a pedido.<\/strong><\/p>\n<p><strong>Los pedidos personalizados tienen un tiempo de entrega de 8 d\u00edas posterior a su compra.<\/strong><\/p>\n<p><strong>Los dem\u00e1s productos de la tienda tienen tiempo de entrega de 3 d\u00edas posterior a la compra.<\/strong><\/p>\n<p><strong>Las fechas estar\u00e1n sujetas a la disponibilidad en nuestra agenda.\u00a0<\/strong><\/p>\n<p><strong>IMPORTANTE:<\/strong> No se realizan devoluciones luego de concretar la compra, s\u00f3lo reagendamos pedidos seg\u00fan disponibilidad.<\/p>\n<p><strong>Si tienes dudas, puedes escribirnos usando el bot\u00f3n de WhatsApp.<\/strong><\/p>\n\t\t<\/div>\n\t\t\t\t\n\t\t<div id=\"wd-62f645618073b\" class=\"title-wrapper wd-wpb set-mb-s reset-last-child  wd-rs-62f645618073b wd-title-color-primary wd-underline-colored wd-title-style-default wd-width-100 text-left vc_custom_1660306801766 wd-title-empty\">\n\t\t\t\t\t\t\t<div class=\"title-subtitle  subtitle-color-primary font-default subtitle-style-default wd-font-weight-600 wd-fontsize-xs\">FORMAS DE ENTREGA<\/div>\n\t\t\t\n\t\t\t<div class=\"liner-continer\">\n\t\t\t\t<h4 class=\"woodmart-title-container title  wd-font-weight- wd-fontsize-xxl\" ><\/h4>\n\t\t\t\t\t\t\t<\/div>\n\t\t\t\n\t\t\t\n\t\t\t\n\t\t<\/div>\n\t\t\n\t\t\t\t<div id=\"wd-62f645776c45f\" class=\"wd-text-block wd-wpb reset-last-child wd-rs-62f645776c45f wd-width-100 text-left wd-fontsize-m vc_custom_1660306934566\">\n\t\t\t<p><strong>Puedes retirar en nuestro taller previa coordinaci\u00f3n.<\/strong><\/p>\n<p><strong>DESPACHO A DOMICILIO<\/strong><\/p>\n<p>Contamos con 2 rangos de horarios para el delivery de tu producto (Lunes a S\u00e1bado):<\/p>\n<p>AM de 9:00 a 12:00<\/p>\n<p>PM de 13:00 a 17:00<\/p>\n<p>&nbsp;<\/p>\n<p>Es importante que sepas que no podemos determinar el horario de entrega, pues las rutas y horarios de nuestro delivery son variables.<\/p>\n<p>Los d\u00edas domingo no hacemos entregas, sin embargo, puedes agendar tu pedido el d\u00eda anterior y seleccionar el horario PM.<\/p>\n<p>Aseg\u00farate que haya una persona disponible para recibir el pedido o coordinar con tu conserjer\u00eda. Solicitamos que est\u00e9s atento a tu celular en caso de que necesitemos contactarte.<\/p>\n\t\t<\/div>\n\t\t[\/vc_column][vc_column width=\u00bb1\/2&#8243;][vc_single_image image=\u00bb7240&#8243; img_size=\u00bbfull\u00bb parallax_scroll=\u00bbno\u00bb woodmart_inline=\u00bbno\u00bb][\/vc_column][\/vc_row][vc_row][vc_column]\t\t\n\t\t<div id=\"wd-62f64768492e6\" class=\"title-wrapper wd-wpb set-mb-s reset-last-child  wd-rs-62f64768492e6 wd-title-color-primary wd-underline-colored wd-title-style-default wd-width-100 text-center vc_custom_1660307310751 wd-title-empty\">\n\t\t\t\t\t\t\t<div class=\"title-subtitle  subtitle-color-primary font-default subtitle-style-default wd-font-weight-600 wd-fontsize-xs\">T\u00c9RMINOS Y CONDICIONES<\/div>\n\t\t\t\n\t\t\t<div class=\"liner-continer\">\n\t\t\t\t<h4 class=\"woodmart-title-container title  wd-font-weight- wd-fontsize-xxl\" ><\/h4>\n\t\t\t\t\t\t\t<\/div>\n\t\t\t\n\t\t\t\n\t\t\t\n\t\t<\/div>\n\t\t\n\t\t\t\t<div id=\"wd-62f647aa60195\" class=\"wd-text-block wd-wpb reset-last-child wd-rs-62f647aa60195 wd-width-100 text-left wd-fontsize-m vc_custom_1660307579050\">\n\t\t\t<p><strong>Las siguientes condiciones generales aplican a todas las ventas de productos realizados a trav\u00e9s de la tienda Dulcemente Detalles Dulces.<\/strong><\/p>\n<p><strong>Recomendamos revisar los productos antes de procesar el pago, ya que no es posible realizar cambios. T\u00f3mate t\u00fa tiempo, si tienes dudas puedes escribirnos a nuestro Whatsapp <a href=\"https:\/\/wa.me\/+56991785714\">+56991785714<\/a>.<\/strong><\/p>\n<p><strong>Las fechas estar\u00e1n sujetas a la disponibilidad en nuestra agenda.\u00a0<\/strong><\/p>\n<p><strong>No hacemos reembolsos. Si deseas cancelar tu pedido, te ofrecemos reagendar por lo menos con 2 semanas de anticipaci\u00f3n a la nueva fecha de entrega.<\/strong><\/p>\n<p><strong>Ten en cuenta que Dulcemente Detalles Dulces realiza productos artesanales y una vez recibido el producto, debes consumirlo lo antes posible, ya que no se utilizan preservantes para su fabricaci\u00f3n.<\/strong><\/p>\n<p><strong>Algunas fotograf\u00edas de los productos publicadas en este sitio web, son solo referenciales, lo que significa que pueden variar en alg\u00fan detalle. Los ingredientes son siempre los mencionados en las descripciones de cada producto.<\/strong><\/p>\n\t\t<\/div>\n\t\t[\/vc_column][\/vc_row]<\/p>\n","protected":false},"excerpt":{"rendered":"<p>[vc_row mobile_bg_img_hidden=\u00bbno\u00bb tablet_bg_img_hidden=\u00bbno\u00bb woodmart_parallax=\u00bb0&#8243; woodmart_gradient_switch=\u00bbno\u00bb row_reverse_mobile=\u00bb1&#8243; row_reverse_tablet=\u00bb1&#8243; woodmart_disable_overflow=\u00bb0&#8243; wd_z_index=\u00bbno\u00bb woodmart_css_id=\u00bb62e43c0d126c1&#8243; responsive_spacing=\u00bbeyJwYXJhbV90eXBlIjoid29vZG1hcnRfcmVzcG9uc2l2ZV9zcGFjaW5nIiwic2VsZWN0b3JfaWQiOiI2MmU0M2MwZDEyNmMxIiwic2hvcnRjb2RlIjoidmNfcm93IiwiZGF0YSI6eyJ0YWJsZXQiOnt9LCJtb2JpbGUiOnsibWFyZ2luLWJvdHRvbSI6IjIwcHgifX19&#8243; woodmart_box_shadow=\u00bbno\u00bb css=\u00bb.vc_custom_1659124780718{margin-bottom: 40px !important;}\u00bb][vc_column width=\u00bb1\/2&#8243; css=\u00bb.vc_custom_1629877010833{margin-bottom: 40px !important;padding-top: 0px<\/p>\n","protected":false},"author":1,"featured_media":0,"parent":0,"menu_order":0,"comment_status":"closed","ping_status":"closed","template":"","meta":{"footnotes":""},"class_list":["post-5212","page","type-page","status-publish","hentry"],"_links":{"self":[{"href":"https:\/\/dulcementedetallesdulces.cl\/tienda\/wp-json\/wp\/v2\/pages\/5212","targetHints":{"allow":["GET"]}}],"collection":[{"href":"https:\/\/dulcementedetallesdulces.cl\/tienda\/wp-json\/wp\/v2\/pages"}],"about":[{"href":"https:\/\/dulcementedetallesdulces.cl\/tienda\/wp-json\/wp\/v2\/types\/page"}],"author":[{"embeddable":true,"href":"https:\/\/dulcementedetallesdulces.cl\/tienda\/wp-json\/wp\/v2\/users\/1"}],"replies":[{"embeddable":true,"href":"https:\/\/dulcementedetallesdulces.cl\/tienda\/wp-json\/wp\/v2\/comments?post=5212"}],"version-history":[{"count":31,"href":"https:\/\/dulcementedetallesdulces.cl\/tienda\/wp-json\/wp\/v2\/pages\/5212\/revisions"}],"predecessor-version":[{"id":7303,"href":"https:\/\/dulcementedetallesdulces.cl\/tienda\/wp-json\/wp\/v2\/pages\/5212\/revisions\/7303"}],"wp:attachment":[{"href":"https:\/\/dulcementedetallesdulces.cl\/tienda\/wp-json\/wp\/v2\/media?parent=5212"}],"curies":[{"name":"wp","href":"https:\/\/api.w.org\/{rel}","templated":true}]}}